{"id":408,"date":"2020-08-27T07:52:31","date_gmt":"2020-08-27T05:52:31","guid":{"rendered":"http:\/\/ursula7.fr\/?page_id=408"},"modified":"2024-10-25T06:04:48","modified_gmt":"2024-10-25T04:04:48","slug":"biographie","status":"publish","type":"page","link":"https:\/\/ursula7.fr\/?page_id=408","title":{"rendered":"Biographie"},"content":{"rendered":"\n<div class=\"wp-block-cover alignfull has-parallax\" style=\"min-height:550px;aspect-ratio:unset;\"><span aria-hidden=\"true\" class=\"wp-block-cover__background has-background-dim-100 has-background-dim wp-block-cover__gradient-background has-background-gradient\" style=\"background:linear-gradient(180deg,rgba(51,49,50,0.8) 0%,rgb(51,49,50) 100%)\"><\/span><div class=\"wp-block-cover__image-background wp-image-533 has-parallax\" style=\"background-position:50% 50%;background-image:url(http:\/\/ursula7.fr\/wp-content\/uploads\/2021\/05\/20190413_205012.jpg)\"><\/div><div class=\"wp-block-cover__inner-container is-layout-flow wp-block-cover-is-layout-flow\">\n<h1 class=\"wp-block-heading\">notre Biographie<\/h1>\n\n\n\n<hr class=\"wp-block-separator has-css-opacity is-style-wide\"\/>\n\n\n\n<p>#poprock #compositions #dromemusique #vivelamusique<\/p>\n<\/div><\/div>\n\n\n\n<div class=\"wp-block-cover alignfull has-parallax\" style=\"min-height:950px;aspect-ratio:unset;\"><span aria-hidden=\"true\" class=\"wp-block-cover__background has-background-dim-90 has-background-dim wp-block-cover__gradient-background has-background-gradient\" style=\"background:linear-gradient(135deg,rgb(215,14,29) 0%,rgb(51,49,50) 100%)\"><\/span><div class=\"wp-block-cover__image-background wp-image-541 has-parallax\" style=\"background-position:50% 50%;background-image:url(http:\/\/ursula7.fr\/wp-content\/uploads\/2021\/05\/20190413_1924470-scaled.jpg)\"><\/div><div class=\"wp-block-cover__inner-container is-layout-flow wp-block-cover-is-layout-flow\">\n<h3 class=\"wp-block-heading\">Un groupe de compositions r\u00e9solument Rock, originaire de la Dr\u00f4me<\/h3>\n\n\n\n<hr class=\"wp-block-separator has-css-opacity is-style-wide\"\/>\n\n\n\n<p>Ursula 7 est compos\u00e9 de 5 musiciens, sur la base d&rsquo;un noyau qui partage cette aventure musicale riche de nombreux projets depuis de nombreuses ann\u00e9es. <br>Les compositions originales en fran\u00e7ais (et parfois en anglais) laissent libre cours \u00e0 des textes toujours po\u00e9tiques autant qu&rsquo;acidul\u00e9s, le tout port\u00e9 par une musique r\u00e9solument rock, \u00e9pur\u00e9e et dynamique qui puise dans de nombreuses influences.<br><\/p>\n\n\n\n<div class=\"wp-block-columns alignfull are-vertically-aligned-center is-layout-flex wp-container-core-columns-is-layout-28f84493 wp-block-columns-is-layout-flex\">\n<div class=\"wp-block-column is-vertically-aligned-center is-layout-flow wp-block-column-is-layout-flow\">\n<h4 class=\"wp-block-heading\">Un m\u00e9lange atypique et original<\/h4>\n\n\n\n<p>Ursula 7 est une formation relativement r\u00e9cente, mais le noyau du groupe a d\u00e9j\u00e0 partag\u00e9 plusieurs aventures musicales communes avant de se lancer int\u00e9gralement dans les compositions. Ses cr\u00e9ations sont le fruit d&rsquo;une recherche toujours collective, patiente et sans limites. Apr\u00e8s l&rsquo;arriv\u00e9e d&rsquo;un nouveau bassiste en 2023, le groupe a repris le chemin des r\u00e9p\u00e9titions studieuses et des concerts et est disponible pour toute prestation.<\/p>\n<\/div>\n<\/div>\n\n\n\n<h4 class=\"wp-block-heading has-text-align-left has-text-color\" style=\"color:#d70e1d\"><mark style=\"background-color:rgba(0, 0, 0, 0)\" class=\"has-inline-color has-white-color\">Les membres du Groupe Ursula7:<\/mark><\/h4>\n\n\n\n<p class=\"has-text-align-left has-medium-font-size\">Virginie&nbsp;: Chant, Piano<strong><em>&nbsp;<\/em><\/strong><\/p>\n\n\n\n<p class=\"has-text-align-left has-medium-font-size\">Lo\u00efc&nbsp;: Chant, Guitare, Piano, Basse<\/p>\n\n\n\n<p class=\"has-text-align-left has-medium-font-size\">Luc&nbsp;: Basse, Guitare<\/p>\n\n\n\n<p class=\"has-text-align-left has-medium-font-size\">Eric&nbsp;: Batterie&nbsp;, Choeurs<\/p>\n\n\n\n<p class=\"has-text-align-left has-medium-font-size\">         Phil&nbsp;: Guitare<\/p>\n<\/div><\/div>\n","protected":false},"excerpt":{"rendered":"","protected":false},"author":1,"featured_media":0,"parent":0,"menu_order":0,"comment_status":"closed","ping_status":"closed","template":"","meta":{"_monsterinsights_skip_tracking":false,"_monsterinsights_sitenote_active":false,"_monsterinsights_sitenote_note":"","_monsterinsights_sitenote_category":0,"site-sidebar-layout":"default","site-content-layout":"plain-container","ast-site-content-layout":"normal-width-container","site-content-style":"unboxed","site-sidebar-style":"unboxed","ast-global-header-display":"","ast-banner-title-visibility":"","ast-main-header-display":"","ast-hfb-above-header-display":"","ast-hfb-below-header-display":"","ast-hfb-mobile-header-display":"","site-post-title":"disabled","ast-breadcrumbs-content":"","ast-featured-img":"","footer-sml-layout":"","theme-transparent-header-meta":"enabled","adv-header-id-meta":"","stick-header-meta":"","header-above-stick-meta":"","header-main-stick-meta":"","header-below-stick-meta":"","astra-migrate-meta-layouts":"set","ast-page-background-enabled":"default","ast-page-background-meta":{"desktop":{"background-color":"var(--ast-global-color-4)","background-image":"","background-repeat":"repeat","background-position":"center center","background-size":"auto","background-attachment":"scroll","background-type":"","background-media":"","overlay-type":"","overlay-color":"","overlay-gradient":""},"tablet":{"background-color":"","background-image":"","background-repeat":"repeat","background-position":"center center","background-size":"auto","background-attachment":"scroll","background-type":"","background-media":"","overlay-type":"","overlay-color":"","overlay-gradient":""},"mobile":{"background-color":"","background-image":"","background-repeat":"repeat","background-position":"center center","background-size":"auto","background-attachment":"scroll","background-type":"","background-media":"","overlay-type":"","overlay-color":"","overlay-gradient":""}},"ast-content-background-meta":{"desktop":{"background-color":"var(--ast-global-color-5)","background-image":"","background-repeat":"repeat","background-position":"center center","background-size":"auto","background-attachment":"scroll","background-type":"","background-media":"","overlay-type":"","overlay-color":"","overlay-gradient":""},"tablet":{"background-color":"var(--ast-global-color-5)","background-image":"","background-repeat":"repeat","background-position":"center center","background-size":"auto","background-attachment":"scroll","background-type":"","background-media":"","overlay-type":"","overlay-color":"","overlay-gradient":""},"mobile":{"background-color":"var(--ast-global-color-5)","background-image":"","background-repeat":"repeat","background-position":"center center","background-size":"auto","background-attachment":"scroll","background-type":"","background-media":"","overlay-type":"","overlay-color":"","overlay-gradient":""}},"footnotes":""},"class_list":["post-408","page","type-page","status-publish","hentry"],"_links":{"self":[{"href":"https:\/\/ursula7.fr\/index.php?rest_route=\/wp\/v2\/pages\/408","targetHints":{"allow":["GET"]}}],"collection":[{"href":"https:\/\/ursula7.fr\/index.php?rest_route=\/wp\/v2\/pages"}],"about":[{"href":"https:\/\/ursula7.fr\/index.php?rest_route=\/wp\/v2\/types\/page"}],"author":[{"embeddable":true,"href":"https:\/\/ursula7.fr\/index.php?rest_route=\/wp\/v2\/users\/1"}],"replies":[{"embeddable":true,"href":"https:\/\/ursula7.fr\/index.php?rest_route=%2Fwp%2Fv2%2Fcomments&post=408"}],"version-history":[{"count":21,"href":"https:\/\/ursula7.fr\/index.php?rest_route=\/wp\/v2\/pages\/408\/revisions"}],"predecessor-version":[{"id":977,"href":"https:\/\/ursula7.fr\/index.php?rest_route=\/wp\/v2\/pages\/408\/revisions\/977"}],"wp:attachment":[{"href":"https:\/\/ursula7.fr\/index.php?rest_route=%2Fwp%2Fv2%2Fmedia&parent=408"}],"curies":[{"name":"wp","href":"https:\/\/api.w.org\/{rel}","templated":true}]}}